{"id":191,"date":"2024-05-10T12:27:07","date_gmt":"2024-05-10T10:27:07","guid":{"rendered":"https:\/\/venus.livresk.com\/?page_id=191"},"modified":"2024-08-28T16:43:48","modified_gmt":"2024-08-28T14:43:48","slug":"elementor-191","status":"publish","type":"page","link":"https:\/\/venus.livresk.com\/en\/","title":{"rendered":"Boutique"},"content":{"rendered":"\t\t<div data-elementor-type=\"wp-page\" data-elementor-id=\"191\" class=\"elementor elementor-191\" data-elementor-post-type=\"page\">\n\t\t\t\t<div class=\"wd-negative-gap elementor-element elementor-element-fecc733 e-flex e-con-boxed e-con e-parent\" data-id=\"fecc733\" data-element_type=\"container\" data-e-type=\"container\">\n\t\t\t\t\t<div class=\"e-con-inner\">\n\t\t\t\t<div class=\"elementor-element elementor-element-45a2ca0 elementor-widget__width-initial elementor-widget elementor-widget-wd_text_block\" data-id=\"45a2ca0\" data-element_type=\"widget\" data-e-type=\"widget\" data-widget_type=\"wd_text_block.default\">\n\t\t\t\t<div class=\"elementor-widget-container\">\n\t\t\t\t\t\t\t<div class=\"wd-text-block reset-last-child text-center\">\n\t\t\t\n\t\t\t<h1>Bienvenue sur<\/h1>\n<p>\n<img loading=\"lazy\" decoding=\"async\" class=\"alignnone size-medium wp-image-22\" src=\"https:\/\/venus.livresk.com\/wp-content\/uploads\/2024\/01\/logo-300x111.png\" alt=\"\" width=\"300\" height=\"111\" srcset=\"https:\/\/venus.livresk.com\/wp-content\/uploads\/2024\/01\/logo-300x111.png 300w, https:\/\/venus.livresk.com\/wp-content\/uploads\/2024\/01\/logo-150x55.png 150w, https:\/\/venus.livresk.com\/wp-content\/uploads\/2024\/01\/logo-600x221.png 600w, https:\/\/venus.livresk.com\/wp-content\/uploads\/2024\/01\/logo-1024x378.png 1024w, https:\/\/venus.livresk.com\/wp-content\/uploads\/2024\/01\/logo-768x283.png 768w, https:\/\/venus.livresk.com\/wp-content\/uploads\/2024\/01\/logo-1536x566.png 1536w, https:\/\/venus.livresk.com\/wp-content\/uploads\/2024\/01\/logo-2048x755.png 2048w\" sizes=\"auto, (max-width: 300px) 100vw, 300px\" \/>\n<\/p>\n<p class=\"fort\">Un large choix de magazines de charmes et de livres vous est propos\u00e9 ici : Playboy, Lui, Hustler, publications Paul Raymond, etc, des ann\u00e9es 2000 \u00e0 nos jours.<\/p>\n<p class=\"faible\">Quelques \"vintages\" sont aussi disponibles. Les magazines sont en tr\u00e8s bon \u00e9tat, plus de la moiti\u00e9 sont comme neuf.<\/p>\n<p class=\"fort\">Ce site a vocation \u00e0 devenir la plus grande collection de France.<\/p>\n<p class=\"faible\">Pour l'instant le choix est restreint, mais il va s'\u00e9toffer d'ici \u00e0 la fin de l'ann\u00e9e.<\/p>\n<p class=\"spe\">Exp\u00e9dition par pli discret dans toute la France, paiement par CB avec mention discr\u00e8te sur le relev\u00e9 bancaire. Possibilit\u00e9 de retrait au Mans.<\/p>\n\n\t\t\t\t\t<\/div>\n\t\t\t\t\t\t<\/div>\n\t\t\t\t<\/div>\n\t\t\t\t\t<\/div>\n\t\t\t\t<\/div>\n\t\t<div class=\"wd-negative-gap elementor-element elementor-element-cf7fba8 e-flex e-con-boxed e-con e-parent\" data-id=\"cf7fba8\" data-element_type=\"container\" data-e-type=\"container\">\n\t\t\t\t\t<div class=\"e-con-inner\">\n\t\t\t\t<div class=\"elementor-element elementor-element-edb9bd9 elementor-widget-divider--separator-type-pattern elementor-widget-divider--no-spacing elementor-widget-divider--view-line elementor-widget elementor-widget-divider\" data-id=\"edb9bd9\" data-element_type=\"widget\" data-e-type=\"widget\" data-widget_type=\"divider.default\">\n\t\t\t\t<div class=\"elementor-widget-container\">\n\t\t\t\t\t\t\t<div class=\"elementor-divider\" style=\"--divider-pattern-url: url(&quot;data:image\/svg+xml,%3Csvg xmlns=&#039;http:\/\/www.w3.org\/2000\/svg&#039; preserveAspectRatio=&#039;none&#039; overflow=&#039;visible&#039; height=&#039;100%&#039; viewBox=&#039;0 0 24 24&#039; fill=&#039;black&#039; stroke=&#039;none&#039;%3E%3Cpath d=&#039;M24,8v12H0V8H24z M24,4v1H0V4H24z&#039;\/%3E%3C\/svg%3E&quot;);\">\n\t\t\t<span class=\"elementor-divider-separator\">\n\t\t\t\t\t\t<\/span>\n\t\t<\/div>\n\t\t\t\t\t\t<\/div>\n\t\t\t\t<\/div>\n\t\t\t\t\t<\/div>\n\t\t\t\t<\/div>\n\t\t<div class=\"wd-negative-gap elementor-element elementor-element-ded6220 e-flex e-con-boxed e-con e-parent\" data-id=\"ded6220\" data-element_type=\"container\" data-e-type=\"container\">\n\t\t\t\t\t<div class=\"e-con-inner\">\n\t\t\t\t<div class=\"elementor-element elementor-element-9fbd30b elementor-widget__width-initial wd-width-100 wd-nav-accordion-mb-on elementor-widget elementor-widget-wd_product_categories\" data-id=\"9fbd30b\" data-element_type=\"widget\" data-e-type=\"widget\" data-widget_type=\"wd_product_categories.default\">\n\t\t\t\t<div class=\"elementor-widget-container\">\n\t\t\t\t\t\t\t\t\t\t\t\t\t\t\n\t\t\t\t<div class=\"wd-cats-element\">\n\t\t\t\t\t<div class=\"wd-grid-g wd-cats products columns-2 elements-grid\" style=\"--wd-col-lg:2;--wd-col-md:2;--wd-col-sm:2;--wd-gap-lg:20px;--wd-gap-sm:10px;\">\n\t\t\t\t\t\t\t\t\t\t\t\t\t\n<div class=\"wd-col wd-cat cat-design-zoom-out without-product-count wd-with-subcat product-category product first\" data-loop=\"1\">\n\t\n\t<div class=\"wd-cat-inner\">\n\t\t<div class=\"wd-cat-thumb\">\n\t\t\t\t\t\t<div class=\"wd-cat-image\">\n\t\t\t\t\n\t\t\t\t<img loading=\"lazy\" decoding=\"async\" width=\"1024\" height=\"1024\" src=\"https:\/\/venus.livresk.com\/wp-content\/uploads\/2024\/01\/categ-mag.jpeg\" class=\"attachment-large size-large\" alt=\"\" srcset=\"https:\/\/venus.livresk.com\/wp-content\/uploads\/2024\/01\/categ-mag.jpeg 1024w, https:\/\/venus.livresk.com\/wp-content\/uploads\/2024\/01\/categ-mag-300x300.jpeg 300w, https:\/\/venus.livresk.com\/wp-content\/uploads\/2024\/01\/categ-mag-150x150.jpeg 150w, https:\/\/venus.livresk.com\/wp-content\/uploads\/2024\/01\/categ-mag-768x768.jpeg 768w, https:\/\/venus.livresk.com\/wp-content\/uploads\/2024\/01\/categ-mag-600x600.jpeg 600w\" sizes=\"auto, (max-width: 1024px) 100vw, 1024px\" \/>\t\t\t<\/div>\n\t\t<\/div>\n\t\t<div class=\"wd-cat-content wd-fill\">\n\t\t\t<a class=\"wd-fill\" href=\"https:\/\/venus.livresk.com\/en\/mag\/\" aria-label=\"Product category mag\"><\/a>\n\t\t\t<div class=\"wd-cat-header\">\n\t\t\t\t<h3 class=\"wd-entities-title\">\n\t\t\t\t\t<a href=\"https:\/\/venus.livresk.com\/en\/mag\/\">\n\t\t\t\t\t\tMagazines\t\t\t\t\t<\/a>\n\t\t\t\t<\/h3>\n\n\t\t\t\t\t\t\t<\/div>\n\t\t<\/div>\n\t<\/div>\n\n\t<\/div>\n\t\t\t\t\t\t\t\t\t\t\t\t\t\n<div class=\"wd-col wd-cat cat-design-zoom-out without-product-count wd-with-subcat product-category product\" data-loop=\"2\">\n\t\n\t<div class=\"wd-cat-inner\">\n\t\t<div class=\"wd-cat-thumb\">\n\t\t\t\t\t\t<div class=\"wd-cat-image\">\n\t\t\t\t\n\t\t\t\t<img loading=\"lazy\" decoding=\"async\" width=\"1024\" height=\"1024\" src=\"https:\/\/venus.livresk.com\/wp-content\/uploads\/2024\/01\/categ-book.jpeg\" class=\"attachment-large size-large\" alt=\"\" srcset=\"https:\/\/venus.livresk.com\/wp-content\/uploads\/2024\/01\/categ-book.jpeg 1024w, https:\/\/venus.livresk.com\/wp-content\/uploads\/2024\/01\/categ-book-300x300.jpeg 300w, https:\/\/venus.livresk.com\/wp-content\/uploads\/2024\/01\/categ-book-150x150.jpeg 150w, https:\/\/venus.livresk.com\/wp-content\/uploads\/2024\/01\/categ-book-768x768.jpeg 768w, https:\/\/venus.livresk.com\/wp-content\/uploads\/2024\/01\/categ-book-600x600.jpeg 600w\" sizes=\"auto, (max-width: 1024px) 100vw, 1024px\" \/>\t\t\t<\/div>\n\t\t<\/div>\n\t\t<div class=\"wd-cat-content wd-fill\">\n\t\t\t<a class=\"wd-fill\" href=\"https:\/\/venus.livresk.com\/en\/book\/\" aria-label=\"Product category book\"><\/a>\n\t\t\t<div class=\"wd-cat-header\">\n\t\t\t\t<h3 class=\"wd-entities-title\">\n\t\t\t\t\t<a href=\"https:\/\/venus.livresk.com\/en\/book\/\">\n\t\t\t\t\t\tLivres\t\t\t\t\t<\/a>\n\t\t\t\t<\/h3>\n\n\t\t\t\t\t\t\t<\/div>\n\t\t<\/div>\n\t<\/div>\n\n\t<\/div>\n\t\t\t\t\t\t\t\t\t\t\t<\/div>\n\t\t\t\t<\/div>\n\t\t\t\t\t\t\t\t\t\t\t<\/div>\n\t\t\t\t<\/div>\n\t\t\t\t\t<\/div>\n\t\t\t\t<\/div>\n\t\t<div class=\"wd-negative-gap elementor-element elementor-element-51ffb6e e-flex e-con-boxed e-con e-parent\" data-id=\"51ffb6e\" data-element_type=\"container\" data-e-type=\"container\">\n\t\t\t\t\t<div class=\"e-con-inner\">\n\t\t\t\t<div class=\"elementor-element elementor-element-5772c20 elementor-widget-divider--separator-type-pattern elementor-widget-divider--no-spacing elementor-widget-divider--view-line elementor-widget elementor-widget-divider\" data-id=\"5772c20\" data-element_type=\"widget\" data-e-type=\"widget\" data-widget_type=\"divider.default\">\n\t\t\t\t<div class=\"elementor-widget-container\">\n\t\t\t\t\t\t\t<div class=\"elementor-divider\" style=\"--divider-pattern-url: url(&quot;data:image\/svg+xml,%3Csvg xmlns=&#039;http:\/\/www.w3.org\/2000\/svg&#039; preserveAspectRatio=&#039;none&#039; overflow=&#039;visible&#039; height=&#039;100%&#039; viewBox=&#039;0 0 24 24&#039; fill=&#039;black&#039; stroke=&#039;none&#039;%3E%3Cpath d=&#039;M24,8v12H0V8H24z M24,4v1H0V4H24z&#039;\/%3E%3C\/svg%3E&quot;);\">\n\t\t\t<span class=\"elementor-divider-separator\">\n\t\t\t\t\t\t<\/span>\n\t\t<\/div>\n\t\t\t\t\t\t<\/div>\n\t\t\t\t<\/div>\n\t\t\t\t\t<\/div>\n\t\t\t\t<\/div>\n\t\t<div class=\"wd-negative-gap elementor-element elementor-element-85d763b e-flex e-con-boxed e-con e-parent\" data-id=\"85d763b\" data-element_type=\"container\" data-e-type=\"container\">\n\t\t\t\t\t<div class=\"e-con-inner\">\n\t\t\t\t<div class=\"elementor-element elementor-element-e47a1aa elementor-widget elementor-widget-wd_products_tabs\" data-id=\"e47a1aa\" data-element_type=\"widget\" data-e-type=\"widget\" data-widget_type=\"wd_products_tabs.default\">\n\t\t\t\t<div class=\"elementor-widget-container\">\n\t\t\t\t\t\t\t<div class=\"wd-tabs wd-products-tabs tabs-design-default\">\n\t\t\t<div class=\"wd-tabs-header text-center\">\n\t\t\t\t\t\t\t\t\t<div class=\"tabs-name title\">\n\t\t\t\t\t\t\n\t\t\t\t\t\t<span class=\"tabs-text\" data-elementor-setting-key=\"title\">\n\t\t\t\t\t\t\tUNE S\u00e9LECTION POUR VOUS\t\t\t\t\t\t<\/span>\n\t\t\t\t\t<\/div>\n\t\t\t\t\n\t\t\t\t\n\t\t\t\t<div class=\"wd-nav-wrapper wd-nav-tabs-wrapper tabs-navigation-wrapper\">\n\n\t\t\t\t\t<ul class=\"wd-nav wd-nav-tabs products-tabs-title wd-style-underline wd-icon-pos-top\">\n\t\t\t\t\t\t\t\t\t\t\t\t\t\n\t\t\t\t\t\t\t<li data-atts=\"{&quot;layout&quot;:&quot;grid&quot;,&quot;pagination&quot;:&quot;&quot;,&quot;pagination_arrows_position&quot;:null,&quot;items_per_page&quot;:12,&quot;spacing&quot;:&quot;20&quot;,&quot;spacing_tablet&quot;:&quot;&quot;,&quot;spacing_mobile&quot;:&quot;&quot;,&quot;columns&quot;:{&quot;unit&quot;:&quot;px&quot;,&quot;size&quot;:4,&quot;sizes&quot;:[]},&quot;products_masonry&quot;:&quot;&quot;,&quot;products_different_sizes&quot;:&quot;&quot;,&quot;product_quantity&quot;:&quot;&quot;,&quot;product_hover&quot;:&quot;inherit&quot;,&quot;sale_countdown&quot;:&quot;0&quot;,&quot;stretch_product_tablet&quot;:0,&quot;stretch_product_mobile&quot;:0,&quot;stock_progress_bar&quot;:&quot;0&quot;,&quot;highlighted_products&quot;:0,&quot;products_divider&quot;:null,&quot;products_bordered_grid&quot;:&quot;0&quot;,&quot;products_bordered_grid_style&quot;:null,&quot;products_with_background&quot;:&quot;0&quot;,&quot;products_shadow&quot;:&quot;0&quot;,&quot;products_color_scheme&quot;:&quot;default&quot;,&quot;img_size&quot;:&quot;large&quot;,&quot;elementor&quot;:true,&quot;sync_parent_id&quot;:null,&quot;slides_per_view&quot;:null,&quot;scroll_per_page&quot;:null,&quot;center_mode&quot;:null,&quot;wrap&quot;:null,&quot;autoheight&quot;:null,&quot;autoplay&quot;:null,&quot;speed&quot;:null,&quot;scroll_carousel_init&quot;:null,&quot;disable_overflow_carousel&quot;:null,&quot;hide_prev_next_buttons&quot;:null,&quot;carousel_arrows_position&quot;:null,&quot;hide_pagination_control&quot;:null,&quot;dynamic_pagination_control&quot;:null,&quot;hide_scrollbar&quot;:null,&quot;carousel_sync&quot;:null,&quot;sync_child_id&quot;:null,&quot;img_size_custom&quot;:null,&quot;stretch_product&quot;:null,&quot;grid_gallery&quot;:&quot;&quot;,&quot;grid_gallery_control&quot;:null,&quot;grid_gallery_enable_arrows&quot;:null,&quot;lazy_loading&quot;:&quot;no&quot;,&quot;post_type&quot;:&quot;new&quot;,&quot;hide_out_of_stock&quot;:&quot;yes&quot;,&quot;ajax_recently_viewed&quot;:null,&quot;include&quot;:null,&quot;taxonomies&quot;:&quot;&quot;,&quot;orderby&quot;:&quot;&quot;,&quot;offset&quot;:&quot;&quot;,&quot;query_type&quot;:&quot;OR&quot;,&quot;order&quot;:&quot;&quot;,&quot;meta_key&quot;:null,&quot;exclude&quot;:&quot;&quot;}\" class=\" wd-active\">\n\t\t\t\t\t\t\t\t<a href=\"#\" class=\"wd-nav-link\">\n\t\t\t\t\t\t\t\t\t\n\t\t\t\t\t\t\t\t\t<span class=\"tab-label nav-link-text\">\n\t\t\t\t\t\t\t\t\t\tLes nouveaut\u00e9s\t\t\t\t\t\t\t\t\t<\/span>\n\t\t\t\t\t\t\t\t<\/a>\n\t\t\t\t\t\t\t<\/li>\n\t\t\t\t\t\t\t\t\t\t\t\t\t\n\t\t\t\t\t\t\t<li data-atts=\"{&quot;layout&quot;:&quot;grid&quot;,&quot;pagination&quot;:&quot;&quot;,&quot;pagination_arrows_position&quot;:null,&quot;items_per_page&quot;:12,&quot;spacing&quot;:&quot;20&quot;,&quot;spacing_tablet&quot;:&quot;&quot;,&quot;spacing_mobile&quot;:&quot;&quot;,&quot;columns&quot;:{&quot;unit&quot;:&quot;px&quot;,&quot;size&quot;:4,&quot;sizes&quot;:[]},&quot;products_masonry&quot;:&quot;&quot;,&quot;products_different_sizes&quot;:&quot;&quot;,&quot;product_quantity&quot;:&quot;&quot;,&quot;product_hover&quot;:&quot;inherit&quot;,&quot;sale_countdown&quot;:&quot;0&quot;,&quot;stretch_product_tablet&quot;:0,&quot;stretch_product_mobile&quot;:0,&quot;stock_progress_bar&quot;:&quot;0&quot;,&quot;highlighted_products&quot;:0,&quot;products_divider&quot;:null,&quot;products_bordered_grid&quot;:&quot;0&quot;,&quot;products_bordered_grid_style&quot;:null,&quot;products_with_background&quot;:&quot;0&quot;,&quot;products_shadow&quot;:&quot;0&quot;,&quot;products_color_scheme&quot;:&quot;default&quot;,&quot;img_size&quot;:&quot;large&quot;,&quot;elementor&quot;:true,&quot;sync_parent_id&quot;:null,&quot;slides_per_view&quot;:null,&quot;scroll_per_page&quot;:null,&quot;center_mode&quot;:null,&quot;wrap&quot;:null,&quot;autoheight&quot;:null,&quot;autoplay&quot;:null,&quot;speed&quot;:null,&quot;scroll_carousel_init&quot;:null,&quot;disable_overflow_carousel&quot;:null,&quot;hide_prev_next_buttons&quot;:null,&quot;carousel_arrows_position&quot;:null,&quot;hide_pagination_control&quot;:null,&quot;dynamic_pagination_control&quot;:null,&quot;hide_scrollbar&quot;:null,&quot;carousel_sync&quot;:null,&quot;sync_child_id&quot;:null,&quot;img_size_custom&quot;:null,&quot;stretch_product&quot;:null,&quot;grid_gallery&quot;:&quot;&quot;,&quot;grid_gallery_control&quot;:null,&quot;grid_gallery_enable_arrows&quot;:null,&quot;lazy_loading&quot;:&quot;no&quot;,&quot;taxonomies&quot;:[&quot;35&quot;],&quot;orderby&quot;:&quot;date&quot;,&quot;hide_out_of_stock&quot;:&quot;yes&quot;,&quot;post_type&quot;:&quot;product&quot;,&quot;ajax_recently_viewed&quot;:null,&quot;include&quot;:null,&quot;offset&quot;:&quot;&quot;,&quot;query_type&quot;:&quot;OR&quot;,&quot;order&quot;:&quot;&quot;,&quot;meta_key&quot;:null,&quot;exclude&quot;:&quot;&quot;}\" class=\"\">\n\t\t\t\t\t\t\t\t<a href=\"#\" class=\"wd-nav-link\">\n\t\t\t\t\t\t\t\t\t\n\t\t\t\t\t\t\t\t\t<span class=\"tab-label nav-link-text\">\n\t\t\t\t\t\t\t\t\t\tLes raret\u00e9s\t\t\t\t\t\t\t\t\t<\/span>\n\t\t\t\t\t\t\t\t<\/a>\n\t\t\t\t\t\t\t<\/li>\n\t\t\t\t\t\t\t\t\t\t\t\t\t\n\t\t\t\t\t\t\t<li data-atts=\"{&quot;layout&quot;:&quot;grid&quot;,&quot;pagination&quot;:&quot;&quot;,&quot;pagination_arrows_position&quot;:null,&quot;items_per_page&quot;:12,&quot;spacing&quot;:&quot;20&quot;,&quot;spacing_tablet&quot;:&quot;&quot;,&quot;spacing_mobile&quot;:&quot;&quot;,&quot;columns&quot;:{&quot;unit&quot;:&quot;px&quot;,&quot;size&quot;:4,&quot;sizes&quot;:[]},&quot;products_masonry&quot;:&quot;&quot;,&quot;products_different_sizes&quot;:&quot;&quot;,&quot;product_quantity&quot;:&quot;&quot;,&quot;product_hover&quot;:&quot;inherit&quot;,&quot;sale_countdown&quot;:&quot;0&quot;,&quot;stretch_product_tablet&quot;:0,&quot;stretch_product_mobile&quot;:0,&quot;stock_progress_bar&quot;:&quot;0&quot;,&quot;highlighted_products&quot;:0,&quot;products_divider&quot;:null,&quot;products_bordered_grid&quot;:&quot;0&quot;,&quot;products_bordered_grid_style&quot;:null,&quot;products_with_background&quot;:&quot;0&quot;,&quot;products_shadow&quot;:&quot;0&quot;,&quot;products_color_scheme&quot;:&quot;default&quot;,&quot;img_size&quot;:&quot;large&quot;,&quot;elementor&quot;:true,&quot;sync_parent_id&quot;:null,&quot;slides_per_view&quot;:null,&quot;scroll_per_page&quot;:null,&quot;center_mode&quot;:null,&quot;wrap&quot;:null,&quot;autoheight&quot;:null,&quot;autoplay&quot;:null,&quot;speed&quot;:null,&quot;scroll_carousel_init&quot;:null,&quot;disable_overflow_carousel&quot;:null,&quot;hide_prev_next_buttons&quot;:null,&quot;carousel_arrows_position&quot;:null,&quot;hide_pagination_control&quot;:null,&quot;dynamic_pagination_control&quot;:null,&quot;hide_scrollbar&quot;:null,&quot;carousel_sync&quot;:null,&quot;sync_child_id&quot;:null,&quot;img_size_custom&quot;:null,&quot;stretch_product&quot;:null,&quot;grid_gallery&quot;:&quot;&quot;,&quot;grid_gallery_control&quot;:null,&quot;grid_gallery_enable_arrows&quot;:null,&quot;lazy_loading&quot;:&quot;no&quot;,&quot;orderby&quot;:&quot;price&quot;,&quot;order&quot;:&quot;ASC&quot;,&quot;hide_out_of_stock&quot;:&quot;yes&quot;,&quot;post_type&quot;:&quot;product&quot;,&quot;ajax_recently_viewed&quot;:null,&quot;include&quot;:null,&quot;taxonomies&quot;:&quot;&quot;,&quot;offset&quot;:&quot;&quot;,&quot;query_type&quot;:&quot;OR&quot;,&quot;meta_key&quot;:null,&quot;exclude&quot;:&quot;&quot;}\" class=\"\">\n\t\t\t\t\t\t\t\t<a href=\"#\" class=\"wd-nav-link\">\n\t\t\t\t\t\t\t\t\t\n\t\t\t\t\t\t\t\t\t<span class=\"tab-label nav-link-text\">\n\t\t\t\t\t\t\t\t\t\tLes petits prix\t\t\t\t\t\t\t\t\t<\/span>\n\t\t\t\t\t\t\t\t<\/a>\n\t\t\t\t\t\t\t<\/li>\n\t\t\t\t\t\t\t\t\t\t\t<\/ul>\n\t\t\t\t<\/div>\n\t\t\t<\/div>\n\n\t\t\t\t\t\t\t\t\t\t\t\t<div class=\"wd-tabs-content-wrapper\">\n\t\t\t\t\t<div class=\"wd-sticky-loader\"><span class=\"wd-loader\"><\/span><\/div>\n\t\t\t\t\n\t\t\t\t\t\t\t<div class=\"wd-products-element wd-tab-content wd-active wd-in\">\n\n\t\t\t\n\t\t\t\n\t\t\t\n\t\t\t\n\t\t\t<div class=\"products wd-products grid-columns-4 elements-grid wd-grid-g\" data-paged=\"1\" data-atts=\"{&quot;speed&quot;:null,&quot;slides_per_view&quot;:null,&quot;wrap&quot;:null,&quot;autoplay&quot;:null,&quot;autoheight&quot;:null,&quot;hide_pagination_control&quot;:null,&quot;dynamic_pagination_control&quot;:null,&quot;hide_prev_next_buttons&quot;:null,&quot;carousel_arrows_position&quot;:null,&quot;hide_scrollbar&quot;:null,&quot;scroll_per_page&quot;:null,&quot;center_mode&quot;:null,&quot;post_type&quot;:&quot;new&quot;,&quot;carousel_sync&quot;:null,&quot;sync_parent_id&quot;:null,&quot;sync_child_id&quot;:null,&quot;scroll_carousel_init&quot;:null,&quot;disable_overflow_carousel&quot;:null,&quot;include&quot;:null,&quot;meta_key&quot;:null,&quot;hide_out_of_stock&quot;:&quot;yes&quot;,&quot;ajax_recently_viewed&quot;:null,&quot;pagination_arrows_position&quot;:null,&quot;columns&quot;:{&quot;unit&quot;:&quot;px&quot;,&quot;size&quot;:4,&quot;sizes&quot;:[]},&quot;products_masonry&quot;:&quot;&quot;,&quot;products_different_sizes&quot;:&quot;&quot;,&quot;product_quantity&quot;:&quot;&quot;,&quot;sale_countdown&quot;:&quot;0&quot;,&quot;stretch_product&quot;:null,&quot;stock_progress_bar&quot;:&quot;0&quot;,&quot;products_divider&quot;:null,&quot;products_bordered_grid&quot;:&quot;0&quot;,&quot;products_bordered_grid_style&quot;:null,&quot;products_with_background&quot;:&quot;0&quot;,&quot;products_shadow&quot;:&quot;0&quot;,&quot;img_size&quot;:&quot;large&quot;,&quot;img_size_custom&quot;:null,&quot;grid_gallery_control&quot;:null,&quot;grid_gallery_enable_arrows&quot;:null,&quot;force_not_ajax&quot;:&quot;no&quot;,&quot;wrapper_classes&quot;:&quot; wd-tab-content wd-active wd-in&quot;,&quot;elementor&quot;:true}\" data-source=\"shortcode\" data-columns=\"4\" data-grid-gallery=\"\" style=\"--wd-col-lg:4;--wd-col-md:4;--wd-col-sm:2;--wd-gap-lg:20px;--wd-gap-sm:10px;\">\n\t\t\n\t\t\n\t\t\t\t<\/div>\n\t\n\t\t\n\t\t\n\t\t\t\t\t<\/div>\n\t\t\n\t\t\n\t\t\t\t\t<\/div>\n\t\t\t\t\t\t\t\t\t<\/div>\n\t\t\t\t\t\t<\/div>\n\t\t\t\t<\/div>\n\t\t\t\t\t<\/div>\n\t\t\t\t<\/div>\n\t\t<div class=\"wd-negative-gap elementor-element elementor-element-cacd030 e-flex e-con-boxed e-con e-parent\" data-id=\"cacd030\" data-element_type=\"container\" data-e-type=\"container\">\n\t\t\t\t\t<div class=\"e-con-inner\">\n\t\t\t\t\t<\/div>\n\t\t\t\t<\/div>\n\t\t\t\t<\/div>\n\t\t","protected":false},"excerpt":{"rendered":"<p>Bienvenue sur Un large choix de magazines de charmes et de livres vous est propos\u00e9 ici : Playboy, Lui, Hustler,<\/p>","protected":false},"author":1,"featured_media":0,"parent":0,"menu_order":0,"comment_status":"closed","ping_status":"closed","template":"","meta":{"_acf_changed":false,"_seopress_robots_primary_cat":"","_seopress_titles_title":"","_seopress_titles_desc":"","_seopress_robots_index":"","_seopress_analysis_target_kw":"","footnotes":""},"class_list":["post-191","page","type-page","status-publish","hentry"],"acf":[],"_links":{"self":[{"href":"https:\/\/venus.livresk.com\/en\/wp-json\/wp\/v2\/pages\/191","targetHints":{"allow":["GET"]}}],"collection":[{"href":"https:\/\/venus.livresk.com\/en\/wp-json\/wp\/v2\/pages"}],"about":[{"href":"https:\/\/venus.livresk.com\/en\/wp-json\/wp\/v2\/types\/page"}],"author":[{"embeddable":true,"href":"https:\/\/venus.livresk.com\/en\/wp-json\/wp\/v2\/users\/1"}],"replies":[{"embeddable":true,"href":"https:\/\/venus.livresk.com\/en\/wp-json\/wp\/v2\/comments?post=191"}],"version-history":[{"count":67,"href":"https:\/\/venus.livresk.com\/en\/wp-json\/wp\/v2\/pages\/191\/revisions"}],"predecessor-version":[{"id":700,"href":"https:\/\/venus.livresk.com\/en\/wp-json\/wp\/v2\/pages\/191\/revisions\/700"}],"wp:attachment":[{"href":"https:\/\/venus.livresk.com\/en\/wp-json\/wp\/v2\/media?parent=191"}],"curies":[{"name":"wp","href":"https:\/\/api.w.org\/{rel}","templated":true}]}}