{"id":1224,"date":"2025-02-10T16:36:43","date_gmt":"2025-02-10T15:36:43","guid":{"rendered":"https:\/\/venus.livresk.com\/fr_fr\/shop\/non class\u00e9\/lui-121-3\/"},"modified":"2025-02-10T16:36:43","modified_gmt":"2025-02-10T15:36:43","slug":"lui-121-3","status":"publish","type":"product","link":"https:\/\/venus.livresk.com\/en\/shop\/mag\/top-fr\/lui\/lui-121-3\/","title":{"rendered":"Lui 121"},"content":{"rendered":"<p>bon \u00e9tat int\u00e9rieur<br \/>\ncouverture un peu us\u00e9e<\/p>","protected":false},"excerpt":{"rendered":"<p>bon \u00e9tat int\u00e9rieur couverture un peu us\u00e9e<\/p>","protected":false},"featured_media":1223,"comment_status":"open","ping_status":"closed","template":"","meta":{"_acf_changed":false,"_seopress_robots_primary_cat":"","_seopress_titles_title":"","_seopress_titles_desc":"","_seopress_robots_index":"","_seopress_analysis_target_kw":""},"product_brand":[],"product_cat":[60],"product_tag":[],"class_list":{"0":"post-1224","1":"product","2":"type-product","3":"status-publish","4":"has-post-thumbnail","6":"product_cat-lui","8":"first","9":"instock","10":"shipping-taxable","11":"purchasable","12":"product-type-simple"},"acf":[],"_links":{"self":[{"href":"https:\/\/venus.livresk.com\/en\/wp-json\/wp\/v2\/product\/1224","targetHints":{"allow":["GET"]}}],"collection":[{"href":"https:\/\/venus.livresk.com\/en\/wp-json\/wp\/v2\/product"}],"about":[{"href":"https:\/\/venus.livresk.com\/en\/wp-json\/wp\/v2\/types\/product"}],"replies":[{"embeddable":true,"href":"https:\/\/venus.livresk.com\/en\/wp-json\/wp\/v2\/comments?post=1224"}],"wp:featuredmedia":[{"embeddable":true,"href":"https:\/\/venus.livresk.com\/en\/wp-json\/wp\/v2\/media\/1223"}],"wp:attachment":[{"href":"https:\/\/venus.livresk.com\/en\/wp-json\/wp\/v2\/media?parent=1224"}],"wp:term":[{"taxonomy":"product_brand","embeddable":true,"href":"https:\/\/venus.livresk.com\/en\/wp-json\/wp\/v2\/product_brand?post=1224"},{"taxonomy":"product_cat","embeddable":true,"href":"https:\/\/venus.livresk.com\/en\/wp-json\/wp\/v2\/product_cat?post=1224"},{"taxonomy":"product_tag","embeddable":true,"href":"https:\/\/venus.livresk.com\/en\/wp-json\/wp\/v2\/product_tag?post=1224"}],"curies":[{"name":"wp","href":"https:\/\/api.w.org\/{rel}","templated":true}]}}