{"id":1714,"date":"2025-03-28T09:05:23","date_gmt":"2025-03-28T08:05:23","guid":{"rendered":"https:\/\/venus.livresk.com\/fr_fr\/shop\/non class\u00e9\/club-pour-hommes-195-jenna-jameson\/"},"modified":"2025-03-28T09:05:23","modified_gmt":"2025-03-28T08:05:23","slug":"club-pour-hommes-195-jenna-jameson","status":"publish","type":"product","link":"https:\/\/venus.livresk.com\/fr_fr\/shop\/mag\/top-fr\/club-pour-hommes-195-jenna-jameson\/","title":{"rendered":"Club pour Hommes 195 Jenna Jameson"},"content":{"rendered":"<p>Quelques pages sont l\u00e9g\u00e8rement coll\u00e9es par l&#8217;humidit\u00e9, elle se d\u00e9collent d\u00e9licatement. <\/p>\n","protected":false},"excerpt":{"rendered":"<p>Quelques pages sont l\u00e9g\u00e8rement coll\u00e9es par l&#8217;humidit\u00e9, elle se d\u00e9collent d\u00e9licatement.<\/p>\n","protected":false},"featured_media":1713,"comment_status":"open","ping_status":"closed","template":"","meta":{"_acf_changed":false,"_seopress_robots_primary_cat":"","_seopress_titles_title":"","_seopress_titles_desc":"","_seopress_robots_index":"","_seopress_analysis_target_kw":""},"product_brand":[],"product_cat":[21],"product_tag":[],"class_list":{"0":"post-1714","1":"product","2":"type-product","3":"status-publish","4":"has-post-thumbnail","6":"product_cat-top-fr","8":"first","9":"instock","10":"shipping-taxable","11":"purchasable","12":"product-type-simple"},"acf":[],"_links":{"self":[{"href":"https:\/\/venus.livresk.com\/fr_fr\/wp-json\/wp\/v2\/product\/1714","targetHints":{"allow":["GET"]}}],"collection":[{"href":"https:\/\/venus.livresk.com\/fr_fr\/wp-json\/wp\/v2\/product"}],"about":[{"href":"https:\/\/venus.livresk.com\/fr_fr\/wp-json\/wp\/v2\/types\/product"}],"replies":[{"embeddable":true,"href":"https:\/\/venus.livresk.com\/fr_fr\/wp-json\/wp\/v2\/comments?post=1714"}],"wp:featuredmedia":[{"embeddable":true,"href":"https:\/\/venus.livresk.com\/fr_fr\/wp-json\/wp\/v2\/media\/1713"}],"wp:attachment":[{"href":"https:\/\/venus.livresk.com\/fr_fr\/wp-json\/wp\/v2\/media?parent=1714"}],"wp:term":[{"taxonomy":"product_brand","embeddable":true,"href":"https:\/\/venus.livresk.com\/fr_fr\/wp-json\/wp\/v2\/product_brand?post=1714"},{"taxonomy":"product_cat","embeddable":true,"href":"https:\/\/venus.livresk.com\/fr_fr\/wp-json\/wp\/v2\/product_cat?post=1714"},{"taxonomy":"product_tag","embeddable":true,"href":"https:\/\/venus.livresk.com\/fr_fr\/wp-json\/wp\/v2\/product_tag?post=1714"}],"curies":[{"name":"wp","href":"https:\/\/api.w.org\/{rel}","templated":true}]}}