{"id":1737,"date":"2025-03-28T09:41:30","date_gmt":"2025-03-28T08:41:30","guid":{"rendered":"https:\/\/venus.livresk.com\/fr_fr\/shop\/non class\u00e9\/club-pour-hommes-191-veronica\/"},"modified":"2025-03-30T07:39:15","modified_gmt":"2025-03-30T05:39:15","slug":"club-pour-hommes-191-veronica","status":"publish","type":"product","link":"https:\/\/venus.livresk.com\/fr_fr\/shop\/mag\/top-fr\/club-pour-hommes-191-veronica\/","title":{"rendered":"Club pour Hommes 191 Veronica"},"content":{"rendered":"<p>Sandy with 2 girls (12 pages)<br \/>\nVeronica Zemanova (6 pages)<br \/>\nQuelques pages sont l\u00e9g\u00e8rement coll\u00e9es par l&#8217;humidit\u00e9, elle se d\u00e9collent d\u00e9licatement. <\/p>\n","protected":false},"excerpt":{"rendered":"<p>Sandy with 2 girls (12 pages) Veronica Zemanova (6 pages) Quelques pages sont l\u00e9g\u00e8rement coll\u00e9es par l&#8217;humidit\u00e9, elle se d\u00e9collent<\/p>\n","protected":false},"featured_media":1735,"comment_status":"open","ping_status":"closed","template":"","meta":{"_acf_changed":false,"_seopress_robots_primary_cat":"","_seopress_titles_title":"","_seopress_titles_desc":"","_seopress_robots_index":"","_seopress_analysis_target_kw":""},"product_brand":[],"product_cat":[21],"product_tag":[70],"class_list":{"0":"post-1737","1":"product","2":"type-product","3":"status-publish","4":"has-post-thumbnail","6":"product_cat-top-fr","7":"product_tag-veronica","9":"first","10":"instock","11":"shipping-taxable","12":"purchasable","13":"product-type-simple"},"acf":[],"_links":{"self":[{"href":"https:\/\/venus.livresk.com\/fr_fr\/wp-json\/wp\/v2\/product\/1737","targetHints":{"allow":["GET"]}}],"collection":[{"href":"https:\/\/venus.livresk.com\/fr_fr\/wp-json\/wp\/v2\/product"}],"about":[{"href":"https:\/\/venus.livresk.com\/fr_fr\/wp-json\/wp\/v2\/types\/product"}],"replies":[{"embeddable":true,"href":"https:\/\/venus.livresk.com\/fr_fr\/wp-json\/wp\/v2\/comments?post=1737"}],"wp:featuredmedia":[{"embeddable":true,"href":"https:\/\/venus.livresk.com\/fr_fr\/wp-json\/wp\/v2\/media\/1735"}],"wp:attachment":[{"href":"https:\/\/venus.livresk.com\/fr_fr\/wp-json\/wp\/v2\/media?parent=1737"}],"wp:term":[{"taxonomy":"product_brand","embeddable":true,"href":"https:\/\/venus.livresk.com\/fr_fr\/wp-json\/wp\/v2\/product_brand?post=1737"},{"taxonomy":"product_cat","embeddable":true,"href":"https:\/\/venus.livresk.com\/fr_fr\/wp-json\/wp\/v2\/product_cat?post=1737"},{"taxonomy":"product_tag","embeddable":true,"href":"https:\/\/venus.livresk.com\/fr_fr\/wp-json\/wp\/v2\/product_tag?post=1737"}],"curies":[{"name":"wp","href":"https:\/\/api.w.org\/{rel}","templated":true}]}}